{"id":1110,"date":"2020-11-04T15:53:33","date_gmt":"2020-11-04T15:53:33","guid":{"rendered":"http:\/\/kt.hdweb24h.com\/Demo_kimhoan\/?page_id=1110"},"modified":"2020-11-04T15:53:33","modified_gmt":"2020-11-04T15:53:33","slug":"so-do-website","status":"publish","type":"page","link":"https:\/\/chihoidaquysja.vn\/en\/so-do-website\/","title":{"rendered":"Sitemap"},"content":{"rendered":"","protected":false},"excerpt":{"rendered":"","protected":false},"author":1,"featured_media":0,"parent":0,"menu_order":0,"comment_status":"closed","ping_status":"closed","template":"","meta":[],"yoast_head":"<!-- This site is optimized with the Yoast SEO plugin v15.2 - https:\/\/yoast.com\/wordpress\/plugins\/seo\/ -->\n<title>Sitemap - CHI H\u1ed8I \u0110\u00c1 QU\u00dd SJA<\/title>\n<meta name=\"robots\" content=\"index, follow, max-snippet:-1, max-image-preview:large, max-video-preview:-1\" \/>\n<link rel=\"canonical\" href=\"https:\/\/chihoidaquysja.vn\/so-do-website\/\" \/>\n<meta property=\"og:locale\" content=\"en_US\" \/>\n<meta property=\"og:type\" content=\"article\" \/>\n<meta property=\"og:title\" content=\"[:vi]S\u01a1 \u0111\u1ed3 website[:en]Sitemap[:] - CHI H\u1ed8I \u0110\u00c1 QU\u00dd SJA\" \/>\n<meta property=\"og:url\" content=\"https:\/\/chihoidaquysja.vn\/so-do-website\/\" \/>\n<meta property=\"og:site_name\" content=\"CHI H\u1ed8I \u0110\u00c1 QU\u00dd SJA\" \/>\n<meta name=\"twitter:card\" content=\"summary_large_image\" \/>\n<meta name=\"twitter:label1\" value=\"Written by\">\n\t<meta name=\"twitter:data1\" value=\"webhd\">\n<script type=\"application\/ld+json\" class=\"yoast-schema-graph\">{\"@context\":\"https:\/\/schema.org\",\"@graph\":[{\"@type\":\"WebSite\",\"@id\":\"https:\/\/chihoidaquysja.vn\/#website\",\"url\":\"https:\/\/chihoidaquysja.vn\/\",\"name\":\"CHI H\\u1ed8I \\u0110\\u00c1 QU\\u00dd SJA\",\"description\":\"\",\"potentialAction\":[{\"@type\":\"SearchAction\",\"target\":\"https:\/\/chihoidaquysja.vn\/?s={search_term_string}\",\"query-input\":\"required name=search_term_string\"}],\"inLanguage\":\"en-US\"},{\"@type\":\"WebPage\",\"@id\":\"https:\/\/chihoidaquysja.vn\/so-do-website\/#webpage\",\"url\":\"https:\/\/chihoidaquysja.vn\/so-do-website\/\",\"name\":\"[:vi]S\\u01a1 \\u0111\\u1ed3 website[:en]Sitemap[:] - CHI H\\u1ed8I \\u0110\\u00c1 QU\\u00dd SJA\",\"isPartOf\":{\"@id\":\"https:\/\/chihoidaquysja.vn\/#website\"},\"datePublished\":\"2020-11-04T15:53:33+00:00\",\"dateModified\":\"2020-11-04T15:53:33+00:00\",\"inLanguage\":\"en-US\",\"potentialAction\":[{\"@type\":\"ReadAction\",\"target\":[\"https:\/\/chihoidaquysja.vn\/so-do-website\/\"]}]}]}<\/script>\n<!-- \/ Yoast SEO plugin. -->","_links":{"self":[{"href":"https:\/\/chihoidaquysja.vn\/en\/wp-json\/wp\/v2\/pages\/1110"}],"collection":[{"href":"https:\/\/chihoidaquysja.vn\/en\/wp-json\/wp\/v2\/pages"}],"about":[{"href":"https:\/\/chihoidaquysja.vn\/en\/wp-json\/wp\/v2\/types\/page"}],"author":[{"embeddable":true,"href":"https:\/\/chihoidaquysja.vn\/en\/wp-json\/wp\/v2\/users\/1"}],"replies":[{"embeddable":true,"href":"https:\/\/chihoidaquysja.vn\/en\/wp-json\/wp\/v2\/comments?post=1110"}],"version-history":[{"count":1,"href":"https:\/\/chihoidaquysja.vn\/en\/wp-json\/wp\/v2\/pages\/1110\/revisions"}],"predecessor-version":[{"id":1111,"href":"https:\/\/chihoidaquysja.vn\/en\/wp-json\/wp\/v2\/pages\/1110\/revisions\/1111"}],"wp:attachment":[{"href":"https:\/\/chihoidaquysja.vn\/en\/wp-json\/wp\/v2\/media?parent=1110"}],"curies":[{"name":"wp","href":"https:\/\/api.w.org\/{rel}","templated":true}]}}